{"id":8,"date":"2025-11-05T00:06:13","date_gmt":"2025-11-05T00:06:13","guid":{"rendered":"http:\/\/prismaenge.com.br\/programadeintegridade\/consultar-denuncia\/"},"modified":"2025-12-05T09:41:44","modified_gmt":"2025-12-05T12:41:44","slug":"consultar-denuncia","status":"publish","type":"page","link":"http:\/\/prismaenge.com.br\/programadeintegridade\/consultar-denuncia\/","title":{"rendered":"Consultar Den\u00fancia"},"content":{"rendered":"<div id=\"consulta-denuncia\">\r\n    <style>\r\n        .wp-block-post-title {\r\n            text-align: center;\r\n        }\r\n\r\n        .linkMenu,\r\n        .wp-block-navigation-item__label {\r\n            font-size: 14px !important;\r\n        }\r\n\r\n        .wp-block-post-title {\r\n            display: none;\r\n        }\r\n\r\n        .blackTitle {\r\n            color: #303030;\r\n            font-size: 30px;\r\n            text-align: center;\r\n            font-weight: 700;\r\n        }\r\n        \r\n        .blueSubtitle {\r\n            text-align: left;\r\n            font-size: 30px;\r\n            color: #236093;\r\n            font-weight: 700;\r\n        }\r\n    <\/style>\r\n\r\n    <h2 class=\"blackTitle\">Canal de Transpar\u00eancia Prisma Empreendimento Ltda<\/h2>\r\n    <h3 class=\"blueSubtitle\">Consultar Relato<\/h3>\r\n    <p>Digite o c\u00f3digo recebido ao registrar sua den\u00fancia para acompanhar o andamento.<\/p>\r\n    <p><strong>Informa\u00e7\u00f5es dispon\u00edveis:<\/strong> C\u00f3digo, Status, Data de Cria\u00e7\u00e3o e \u00daltima Atualiza\u00e7\u00e3o.<\/p>\r\n\r\n    <form id=\"consulta-form\">\r\n        <input type=\"hidden\" id=\"nonce\" name=\"nonce\" value=\"a675958cec\" \/><input type=\"hidden\" name=\"_wp_http_referer\" value=\"\/programadeintegridade\/wp-json\/wp\/v2\/pages\/8\" \/>\r\n        <div class=\"form-group\">\r\n            <label for=\"codigo-consulta\">C\u00f3digo da Den\u00fancia *<\/label>\r\n            <input type=\"text\" id=\"codigo-consulta\" name=\"codigo\" required placeholder=\"Ex: 000001\/2024\">\r\n        <\/div>\r\n\r\n        <button type=\"submit\" class=\"btn-submit\">Consultar Den\u00fancia<\/button>\r\n    <\/form>\r\n\r\n    <div id=\"resultado-consulta\"><\/div>\r\n<\/div>\n","protected":false},"excerpt":{"rendered":"","protected":false},"author":3,"featured_media":0,"parent":0,"menu_order":0,"comment_status":"closed","ping_status":"closed","template":"page-no-title","meta":{"footnotes":""},"class_list":["post-8","page","type-page","status-publish","hentry"],"_links":{"self":[{"href":"http:\/\/prismaenge.com.br\/programadeintegridade\/wp-json\/wp\/v2\/pages\/8","targetHints":{"allow":["GET"]}}],"collection":[{"href":"http:\/\/prismaenge.com.br\/programadeintegridade\/wp-json\/wp\/v2\/pages"}],"about":[{"href":"http:\/\/prismaenge.com.br\/programadeintegridade\/wp-json\/wp\/v2\/types\/page"}],"author":[{"embeddable":true,"href":"http:\/\/prismaenge.com.br\/programadeintegridade\/wp-json\/wp\/v2\/users\/3"}],"replies":[{"embeddable":true,"href":"http:\/\/prismaenge.com.br\/programadeintegridade\/wp-json\/wp\/v2\/comments?post=8"}],"version-history":[{"count":1,"href":"http:\/\/prismaenge.com.br\/programadeintegridade\/wp-json\/wp\/v2\/pages\/8\/revisions"}],"predecessor-version":[{"id":407,"href":"http:\/\/prismaenge.com.br\/programadeintegridade\/wp-json\/wp\/v2\/pages\/8\/revisions\/407"}],"wp:attachment":[{"href":"http:\/\/prismaenge.com.br\/programadeintegridade\/wp-json\/wp\/v2\/media?parent=8"}],"curies":[{"name":"wp","href":"https:\/\/api.w.org\/{rel}","templated":true}]}}